{"id":356,"date":"2015-04-23T12:57:21","date_gmt":"2015-04-23T12:57:21","guid":{"rendered":"http:\/\/demo1.wprentals.org\/?page_id=356"},"modified":"2015-04-23T12:57:21","modified_gmt":"2015-04-23T12:57:21","slug":"terms-and-conditions","status":"publish","type":"page","link":"https:\/\/eliteholidays.ma\/fr\/terms-and-conditions\/","title":{"rendered":"Termes et Conditions"},"content":{"rendered":"<p>This Privacy Policy governs the manner in which Real Estate WordPress Theme collects, uses, maintains and discloses information collected from users (each, a \u201cUser\u201d) of the\u00a0http:\/\/wprentals.org\/\u00a0website (\u201cSite\u201d). This privacy policy applies to the Site and all products and services offered by Real Estate WordPress Theme.<\/p>\n<p><b>Des informations d'identification personnelle<\/b><\/p>\n<p>Nous pouvons collecter des informations d'identification personnelle des Utilisateurs dans une vari\u00e9t\u00e9 de fa\u00e7ons, en lien avec des activit\u00e9s, services, caract\u00e9ristiques ou ressources que nous mettons \u00e0 disposition sur notre Site.. les Utilisateurs peuvent visiter notre Site de fa\u00e7on anonyme. Nous recueillons des informations d'identification personnelles des Utilisateurs que s'ils se soumettent volontairement de tels renseignements. Les utilisateurs peuvent toujours refuser de fournir des informations personnelles d'identification, sauf qu'il peut les emp\u00eacher de s'engager dans certaines activit\u00e9s du Site.<\/p>\n<p><b>Informations d'identification Non personnelles<\/b><\/p>\n<p>Nous pouvons collecter des informations d'identification non personnelles sur les Utilisateurs lorsqu'ils interagissent avec notre Site. Informations d'identification Non personnelles peuvent inclure le nom du navigateur, le type d'ordinateur et des informations techniques sur les Utilisateurs des moyens de connexion \u00e0 notre Site, telles que le syst\u00e8me d'exploitation et les fournisseurs de services Internet utilis\u00e9s et d'autres informations similaires.<\/p>\n<p><b>Cookies de votre navigateur Web<\/b><\/p>\n<p>Notre Site peut utiliser des \u201ccookies\u201d pour am\u00e9liorer l'exp\u00e9rience Utilisateur. Navigateur web de l'utilisateur place des cookies sur leur disque dur \u00e0 des fins d'archivage et parfois pour suivre les informations \u00e0 leur sujet. L'utilisateur peut choisir de configurer son navigateur pour refuser les cookies, ou pour vous alerter lorsque des cookies sont envoy\u00e9s. Si ils le font, notez que certaines parties du Site peuvent ne pas fonctionner correctement.<\/p>\n<p><b>Comment nous prot\u00e9geons vos informations<\/b><\/p>\n<p>Nous adopter les mesures appropri\u00e9es de collecte de donn\u00e9es, de stockage et de traitement et des mesures de s\u00e9curit\u00e9 pour prot\u00e9ger contre tout acc\u00e8s non autoris\u00e9, modification, divulgation ou destruction de vos informations personnelles, nom d'utilisateur, mot de passe, informations de transaction et les donn\u00e9es stock\u00e9es sur notre Site.<\/p>\n<p><b>Partage de vos informations personnelles<\/b><\/p>\n<p>Nous ne vendons pas, le commerce, ou de louer des Utilisateurs des informations d'identification personnelles \u00e0 d'autres. Nous pouvons partager des informations d\u00e9mographiques agr\u00e9g\u00e9es g\u00e9n\u00e9rique n'est li\u00e9 \u00e0 aucune information d'identification personnelle concernant les visiteurs et les utilisateurs avec nos partenaires commerciaux, filiales de confiance et des annonceurs pour les fins d\u00e9crites ci-dessus.<\/p>\n<p><b>Changements \u00e0 cette politique de confidentialit\u00e9<\/b><\/p>\n<p>Immobilier Th\u00e8me WordPress a le pouvoir discr\u00e9tionnaire de mettre \u00e0 jour cette politique de confidentialit\u00e9 \u00e0 tout moment. Quand nous le faisons, nous modifierons la date de mise \u00e0 jour au bas de cette page. Nous encourageons les Utilisateurs \u00e0 consulter r\u00e9guli\u00e8rement cette page afin de rester inform\u00e9 de comment nous vous aidons \u00e0 prot\u00e9ger les informations personnelles que nous collectons. Vous reconnaissez et acceptez qu'il est de votre responsabilit\u00e9 de r\u00e9viser cette politique de confidentialit\u00e9 p\u00e9riodiquement et prendre connaissance des modifications.<\/p>\n<p><b>Votre acceptation de ces conditions<\/b><\/p>\n<p>En utilisant ce Site, vous signifiez votre acceptation de cette politique. Si vous n'acceptez pas cette politique, veuillez ne pas utiliser notre Site. Votre utilisation continue du Site apr\u00e8s l'affichage des changements \u00e0 cette politique sera consid\u00e9r\u00e9e comme votre acceptation de ces changements.<\/p>","protected":false},"excerpt":{"rendered":"<p>This Privacy Policy governs the manner in which Real Estate WordPress Theme collects, uses, maintains and discloses information collected from users (each, a \u201cUser\u201d) of the\u00a0http:\/\/wprentals.org\/\u00a0website (\u201cSite\u201d). This privacy policy applies to the Site and all products and services offered by Real Estate WordPress Theme. Personal identification information We may collect personal identification information from &#8230;<\/p>","protected":false},"author":1,"featured_media":0,"parent":0,"menu_order":0,"comment_status":"open","ping_status":"open","template":"terms_conditions.php","meta":{"inline_featured_image":false,"_monsterinsights_skip_tracking":false,"_monsterinsights_sitenote_active":false,"_monsterinsights_sitenote_note":"","_monsterinsights_sitenote_category":0,"footnotes":""},"class_list":["post-356","page","type-page","status-publish","hentry"],"aioseo_notices":[],"_links":{"self":[{"href":"https:\/\/eliteholidays.ma\/fr\/wp-json\/wp\/v2\/pages\/356","targetHints":{"allow":["GET"]}}],"collection":[{"href":"https:\/\/eliteholidays.ma\/fr\/wp-json\/wp\/v2\/pages"}],"about":[{"href":"https:\/\/eliteholidays.ma\/fr\/wp-json\/wp\/v2\/types\/page"}],"author":[{"embeddable":true,"href":"https:\/\/eliteholidays.ma\/fr\/wp-json\/wp\/v2\/users\/1"}],"replies":[{"embeddable":true,"href":"https:\/\/eliteholidays.ma\/fr\/wp-json\/wp\/v2\/comments?post=356"}],"version-history":[{"count":0,"href":"https:\/\/eliteholidays.ma\/fr\/wp-json\/wp\/v2\/pages\/356\/revisions"}],"wp:attachment":[{"href":"https:\/\/eliteholidays.ma\/fr\/wp-json\/wp\/v2\/media?parent=356"}],"curies":[{"name":"wp","href":"https:\/\/api.w.org\/{rel}","templated":true}]}}