{"id":28868,"date":"2026-03-04T17:06:08","date_gmt":"2026-03-04T17:06:08","guid":{"rendered":"https:\/\/eliteholidays.ma\/?page_id=28868"},"modified":"2026-03-04T17:06:54","modified_gmt":"2026-03-04T17:06:54","slug":"place-koutoubia-mosque","status":"publish","type":"page","link":"https:\/\/eliteholidays.ma\/fr\/place-koutoubia-mosque\/","title":{"rendered":"placez-la koutoubia-mosqu\u00e9e"},"content":{"rendered":"<div data-elementor-type=\"wp-page\" data-elementor-id=\"28868\" class=\"elementor elementor-28868\" data-elementor-post-type=\"page\">\n\t\t\t\t<div class=\"elementor-element elementor-element-c806d25 e-flex e-con-boxed e-con e-parent\" data-id=\"c806d25\" data-element_type=\"container\">\n\t\t\t\t\t<div class=\"e-con-inner\">\n\t\t\t\t<div class=\"elementor-element elementor-element-a6eb6a6 elementor-widget elementor-widget-html\" data-id=\"a6eb6a6\" data-element_type=\"widget\" data-widget_type=\"html.default\">\n\t\t\t\t\t\r\n<!-- Koutoubia Mosque \u00e2\u20ac\u201d Elementor Custom HTML Block -->\r\n<style>\r\n.rg{font-family:'Roboto',sans-serif;color:#484848;margin:0;padding:0}\r\n.rg *{box-sizing:border-box}\r\n.rg-hero{position:relative;width:100%;height:460px;overflow:hidden}\r\n.rg-hero img{width:100%;height:100%;object-fit:cover;display:block}\r\n.rg-hero-overlay{position:absolute;inset:0;background:linear-gradient(to top,rgba(0,0,0,.65) 0%,rgba(0,0,0,0) 60%)}\r\n.rg-hero-text{position:absolute;bottom:40px;left:0;right:0;text-align:center;padding:0 24px}\r\n.rg-badge{display:inline-block;background:#588157;color:#fff;font-size:11px;font-weight:600;letter-spacing:2px;text-transform:uppercase;padding:5px 14px;border-radius:20px;margin-bottom:12px}\r\n.rg-hero-text h1{color:#fff;font-size:40px;font-weight:700;margin:0 0 8px;text-shadow:0 2px 8px rgba(0,0,0,.35);line-height:1.2}\r\n.rg-hero-text p{color:rgba(255,255,255,.88);font-size:16px;margin:0}\r\n.rg-body{max-width:780px;margin:0 auto;padding:60px 24px}\r\n.rg-body p{font-size:16px;color:#555;line-height:1.85;margin:0 0 22px}\r\n.rg-body p:last-of-type{margin-bottom:0}\r\n.rg-cta{margin-top:48px;text-align:center}\r\n.rg-cta a{display:inline-block;background:#588157;color:#fff!important;font-size:15px;font-weight:600;padding:14px 40px;border-radius:30px;text-decoration:none!important;transition:background .25s,transform .2s}\r\n.rg-cta a:hover{background:#3A5A40;transform:translateY(-2px)}\r\n@media(max-width:768px){.rg-hero{height:320px}.rg-hero-text h1{font-size:28px}.rg-body{padding:40px 18px}}\r\n<\/style>\r\n\r\n<div class=\"rg\">\r\n  <div class=\"rg-hero\">\r\n    <img decoding=\"async\" src=\"\/wp-content\/uploads\/2026\/02\/shutterstockRF_780290506-1170x921.jpg\" alt=\"Koutoubia Mosque\">\r\n    <div class=\"rg-hero-overlay\"><\/div>\r\n    <div class=\"rg-hero-text\">\r\n      <span class=\"rg-badge\">Place<\/span>\r\n      <h1>Mosqu\u00e9e De La Koutoubia<\/h1>\r\n      <p>Le c\u0153ur battant de Marrakech<\/p>\r\n    <\/div>\r\n  <\/div>\r\n  <div class=\"rg-body\">\r\n    <p>L'embl\u00e9matique minaret de la Mosqu\u00e9e de la Koutoubia qui domine les toits de Marrakech, debout comme un testament \u00e0 la ville de la riche histoire et l'architecture Almohade. \u00c0 plus de 70 m\u00e8tres de haut, il reste le plus haut b\u00e2timent de la ville, sa rythmique appel \u00e0 la pri\u00e8re faisant \u00e9cho \u00e0 travers la m\u00e9dina cinq fois par jour. Termin\u00e9 dans le 12\u00e8me si\u00e8cle, ses belles pierres et de d\u00e9coration des arcs ont inspir\u00e9 de monuments \u00e0 travers le monde, y compris la Giralda de S\u00e9ville.<\/p>\r\n    <p>Entour\u00e9 par de vastes plaza espaces et de beaux jardins bord\u00e9es d'orangers et de rosiers, c'est l'endroit parfait pour faire une pause et de prendre dans l'atmosph\u00e8re. Si les non-Musulmans ne sont pas autoris\u00e9s \u00e0 entrer dans la mosqu\u00e9e elle-m\u00eame, une promenade autour de la luxuriants jardins attenant est un point culminant de toute visite, en particulier au coucher du soleil, lorsque la pierre est baign\u00e9 dans une lueur chaude et dor\u00e9e.<\/p>\r\n    <div class=\"rg-cta\"><a href=\"\/fr\/advanced-search\/\">Parcourez Nos Villas<\/a><\/div>\r\n  <\/div>\r\n<\/div>\r\n\t\t\t\t<\/div>\n\t\t\t\t\t<\/div>\n\t\t\t\t<\/div>\n\t\t\t\t<\/div>","protected":false},"excerpt":{"rendered":"<p>Place Koutoubia Mosque The beating heart of Marrakech The iconic minaret of the Koutoubia Mosque dominates the skyline of Marrakech, standing as a testament to the city&#8217;s rich history and Almohad architecture. At over 70 meters tall, it remains the tallest building in the city, its rhythmic call to prayer echoing across the medina five &#8230;<\/p>","protected":false},"author":1,"featured_media":0,"parent":0,"menu_order":0,"comment_status":"closed","ping_status":"closed","template":"","meta":{"inline_featured_image":false,"_monsterinsights_skip_tracking":false,"_monsterinsights_sitenote_active":false,"_monsterinsights_sitenote_note":"","_monsterinsights_sitenote_category":0,"footnotes":""},"class_list":["post-28868","page","type-page","status-publish","hentry"],"aioseo_notices":[],"_links":{"self":[{"href":"https:\/\/eliteholidays.ma\/fr\/wp-json\/wp\/v2\/pages\/28868","targetHints":{"allow":["GET"]}}],"collection":[{"href":"https:\/\/eliteholidays.ma\/fr\/wp-json\/wp\/v2\/pages"}],"about":[{"href":"https:\/\/eliteholidays.ma\/fr\/wp-json\/wp\/v2\/types\/page"}],"author":[{"embeddable":true,"href":"https:\/\/eliteholidays.ma\/fr\/wp-json\/wp\/v2\/users\/1"}],"replies":[{"embeddable":true,"href":"https:\/\/eliteholidays.ma\/fr\/wp-json\/wp\/v2\/comments?post=28868"}],"version-history":[{"count":4,"href":"https:\/\/eliteholidays.ma\/fr\/wp-json\/wp\/v2\/pages\/28868\/revisions"}],"predecessor-version":[{"id":28872,"href":"https:\/\/eliteholidays.ma\/fr\/wp-json\/wp\/v2\/pages\/28868\/revisions\/28872"}],"wp:attachment":[{"href":"https:\/\/eliteholidays.ma\/fr\/wp-json\/wp\/v2\/media?parent=28868"}],"curies":[{"name":"wp","href":"https:\/\/api.w.org\/{rel}","templated":true}]}}