{"id":28696,"date":"2026-02-22T18:30:07","date_gmt":"2026-02-22T18:30:07","guid":{"rendered":"https:\/\/eliteholidays.ma\/?page_id=28696"},"modified":"2026-03-02T00:52:57","modified_gmt":"2026-03-02T00:52:57","slug":"activity-day-excursions","status":"publish","type":"page","link":"https:\/\/eliteholidays.ma\/fr\/activity-day-excursions\/","title":{"rendered":"activit\u00e9-jour-les excursions"},"content":{"rendered":"<div data-elementor-type=\"wp-page\" data-elementor-id=\"28696\" class=\"elementor elementor-28696\" data-elementor-post-type=\"page\">\n\t\t\t\t<div class=\"elementor-element elementor-element-746e795 e-flex e-con-boxed e-con e-parent\" data-id=\"746e795\" data-element_type=\"container\">\n\t\t\t\t\t<div class=\"e-con-inner\">\n\t\t\t\t<div class=\"elementor-element elementor-element-8f4c6d9 elementor-widget elementor-widget-html\" data-id=\"8f4c6d9\" data-element_type=\"widget\" data-widget_type=\"html.default\">\n\t\t\t\t\t\r\n<!-- Day Excursions \u2014 Elementor Custom HTML Block -->\r\n<style>\r\n.rg{font-family:'Roboto',sans-serif;color:#484848;margin:0;padding:0}\r\n.rg *{box-sizing:border-box}\r\n.rg-hero{position:relative;width:100%;height:460px;overflow:hidden}\r\n.rg-hero img{width:100%;height:100%;object-fit:cover;display:block}\r\n.rg-hero-overlay{position:absolute;inset:0;background:linear-gradient(to top,rgba(0,0,0,.65) 0%,rgba(0,0,0,0) 60%)}\r\n.rg-hero-text{position:absolute;bottom:40px;left:0;right:0;text-align:center;padding:0 24px}\r\n.rg-badge{display:inline-block;background:#588157;color:#fff;font-size:11px;font-weight:600;letter-spacing:2px;text-transform:uppercase;padding:5px 14px;border-radius:20px;margin-bottom:12px}\r\n.rg-hero-text h1{color:#fff;font-size:40px;font-weight:700;margin:0 0 8px;text-shadow:0 2px 8px rgba(0,0,0,.35);line-height:1.2}\r\n.rg-hero-text p{color:rgba(255,255,255,.88);font-size:16px;margin:0}\r\n.rg-body{max-width:780px;margin:0 auto;padding:60px 24px}\r\n.rg-body p{font-size:16px;color:#555;line-height:1.85;margin:0 0 22px}\r\n.rg-body p:last-of-type{margin-bottom:0}\r\n.rg-cta{margin-top:48px;text-align:center}\r\n.rg-cta a{display:inline-block;background:#588157;color:#fff!important;font-size:15px;font-weight:600;padding:14px 40px;border-radius:30px;text-decoration:none!important;transition:background .25s,transform .2s}\r\n.rg-cta a:hover{background:#3A5A40;transform:translateY(-2px)}\r\n@media(max-width:768px){.rg-hero{height:320px}.rg-hero-text h1{font-size:28px}.rg-body{padding:40px 18px}}\r\n<\/style>\r\n\r\n<div class=\"rg\">\r\n  <div class=\"rg-hero\">\r\n    <img decoding=\"async\" src=\"https:\/\/images.pexels.com\/photos\/28200419\/pexels-photo-28200419.jpeg?auto=compress&cs=tinysrgb&w=1200&h=600&fit=crop\" alt=\"Day Excursions from Marrakech\">\r\n    <div class=\"rg-hero-overlay\"><\/div>\r\n    <div class=\"rg-hero-text\">\r\n      <span class=\"rg-badge\">L'activit\u00e9<\/span>\r\n      <h1>Des Excursions D'Une Journ\u00e9e<\/h1>\r\n      <p>Agafay, Vall\u00e9e de l'Ourika, les Chutes d'Ouzoud, Essaouira &amp; plus<\/p>\r\n    <\/div>\r\n  <\/div>\r\n  <div class=\"rg-body\">\r\n    <p>Marrakech est situ\u00e9e \u00e0 l'entr\u00e9e de certains de Maroc les plus extraordinaires paysages naturels et culturels, et une excursion d'une journ\u00e9e \u00e0 partir de la ville ouvre un monde de possibilit\u00e9s. \u00c0 moins d'une heure de route, le D\u00e9sert d'Agafay offre un tout autre visage du Maroc \u2014 une grande, rocailleux de la plaine qui s'\u00e9tend \u00e0 l'horizon, le tout ponctu\u00e9 par de luxe d\u00e9sert camps, l'itin\u00e9rance des chameaux, et le silence si complet qu'il se sent r\u00e9paratrice. Dans l'autre sens, la Vall\u00e9e de l'Ourika se d\u00e9roule comme une luxuriante corridor de terres agricoles en terrasses, villages Berb\u00e8res, et les berges bord\u00e9es de saules, de la hausse progressivement vers le milieu des sommets enneig\u00e9s du Haut Atlas. En suivant la rivi\u00e8re en amont conduit \u00e0 la Sept Chutes de Setti Fatma, enrichissante et randonn\u00e9e relativement facile qui r\u00e9compense avec de l'air frais de la montagne et des vues spectaculaires.<\/p>\r\n    <p>Ceux qui sont pr\u00eats \u00e0 voyager un peu plus loin sont joliment r\u00e9compens\u00e9s. Les Cascades d'Ouzoud, \u00e0 peu pr\u00e8s deux heures et demi de Marrakech, sont les plus hautes chutes d'eau d'Afrique du Nord, chutant de plus d'une centaine de m\u00e8tres en une s\u00e9rie de cascades entour\u00e9 par des oliviers sauvages et habit\u00e9es par des colonies de Barbary macaque de buffon. Dans l'autre sens, la ville c\u00f4ti\u00e8re d'Essaouira offre un complet changement de rythme \u2014 class\u00e9e par l'UNESCO m\u00e9dina de bleu et blanc, de l'Atlantique de la brise de mer, grillades de sardines sur le port, et l'une des plus belles plages de la planche \u00e0 voile sur la c\u00f4te Marocaine.<\/p>\r\n    <p>Toutes nos excursions \u00e0 la journ\u00e9e sont organis\u00e9es avec des v\u00e9hicules priv\u00e9s et des conducteurs exp\u00e9riment\u00e9s locales, rendant le voyage plus confortable et plus agr\u00e9able. Nous pouvons organiser des d\u00e9parts ou simplement fournir organis\u00e9e itin\u00e9raires pour l'exploration ind\u00e9pendante, et nous adaptons \u00e0 chaque sortie \u00e0 la taille et aux pr\u00e9f\u00e9rences de votre groupe.<\/p>\r\n    <div class=\"rg-cta\"><a href=\"\/fr\/advanced-search\/\">Parcourez Nos Villas<\/a><\/div>\r\n  <\/div>\r\n<\/div>\r\n\t\t\t\t<\/div>\n\t\t\t\t\t<\/div>\n\t\t\t\t<\/div>\n\t\t\t\t<\/div>","protected":false},"excerpt":{"rendered":"<p>Activity Day Excursions Agafay, Ourika Valley, Ouzoud Falls, Essaouira &amp; more Marrakech sits at the gateway to some of Morocco&#8217;s most extraordinary natural and cultural landscapes, and a day trip from the city opens up a world of possibilities. Within an hour&#8217;s drive, the Agafay Desert offers a dramatically different face of Morocco \u2014 a &#8230;<\/p>","protected":false},"author":1,"featured_media":0,"parent":0,"menu_order":0,"comment_status":"closed","ping_status":"closed","template":"","meta":{"inline_featured_image":false,"_monsterinsights_skip_tracking":false,"_monsterinsights_sitenote_active":false,"_monsterinsights_sitenote_note":"","_monsterinsights_sitenote_category":0,"footnotes":""},"class_list":["post-28696","page","type-page","status-publish","hentry"],"aioseo_notices":[],"_links":{"self":[{"href":"https:\/\/eliteholidays.ma\/fr\/wp-json\/wp\/v2\/pages\/28696","targetHints":{"allow":["GET"]}}],"collection":[{"href":"https:\/\/eliteholidays.ma\/fr\/wp-json\/wp\/v2\/pages"}],"about":[{"href":"https:\/\/eliteholidays.ma\/fr\/wp-json\/wp\/v2\/types\/page"}],"author":[{"embeddable":true,"href":"https:\/\/eliteholidays.ma\/fr\/wp-json\/wp\/v2\/users\/1"}],"replies":[{"embeddable":true,"href":"https:\/\/eliteholidays.ma\/fr\/wp-json\/wp\/v2\/comments?post=28696"}],"version-history":[{"count":17,"href":"https:\/\/eliteholidays.ma\/fr\/wp-json\/wp\/v2\/pages\/28696\/revisions"}],"predecessor-version":[{"id":28788,"href":"https:\/\/eliteholidays.ma\/fr\/wp-json\/wp\/v2\/pages\/28696\/revisions\/28788"}],"wp:attachment":[{"href":"https:\/\/eliteholidays.ma\/fr\/wp-json\/wp\/v2\/media?parent=28696"}],"curies":[{"name":"wp","href":"https:\/\/api.w.org\/{rel}","templated":true}]}}